{"id":5832,"date":"2015-08-13T02:40:53","date_gmt":"2015-08-13T01:40:53","guid":{"rendered":"https:\/\/www.carrierologie.uqam.ca\/?page_id=5832"},"modified":"2015-08-13T02:44:18","modified_gmt":"2015-08-13T01:44:18","slug":"abonnement-europe","status":"publish","type":"page","link":"https:\/\/www.carrierologie.uqam.ca\/index.php\/abonnement-europe\/","title":{"rendered":"Abonnement Europe"},"content":{"rendered":"<p>[vc_row row_type=\u00a0\u00bbrow\u00a0\u00bb use_row_as_full_screen_section=\u00a0\u00bbno\u00a0\u00bb type=\u00a0\u00bbfull_width\u00a0\u00bb header_style=\u00a0\u00bb\u00a0\u00bb anchor=\u00a0\u00bb\u00a0\u00bb in_content_menu=\u00a0\u00bb\u00a0\u00bb content_menu_title=\u00a0\u00bb\u00a0\u00bb icon_pack=\u00a0\u00bbfont_awesome\u00a0\u00bb content_menu_fa_icon=\u00a0\u00bb\u00a0\u00bb content_menu_fe_icon=\u00a0\u00bb\u00a0\u00bb content_menu_ion_icon=\u00a0\u00bb\u00a0\u00bb content_menu_linea_icon=\u00a0\u00bb\u00a0\u00bb content_menu_simple_line_icons=\u00a0\u00bb\u00a0\u00bb text_align=\u00a0\u00bbleft\u00a0\u00bb video=\u00a0\u00bb\u00a0\u00bb video_overlay=\u00a0\u00bb\u00a0\u00bb video_overlay_image=\u00a0\u00bb\u00a0\u00bb video_webm=\u00a0\u00bb\u00a0\u00bb video_mp4=\u00a0\u00bb\u00a0\u00bb video_ogv=\u00a0\u00bb\u00a0\u00bb video_image=\u00a0\u00bb\u00a0\u00bb background_image=\u00a0\u00bb\u00a0\u00bb pattern_background=\u00a0\u00bb\u00a0\u00bb full_screen_section_height=\u00a0\u00bbno\u00a0\u00bb vertically_align_content_in_middle=\u00a0\u00bbno\u00a0\u00bb section_height=\u00a0\u00bb\u00a0\u00bb use_as_box=\u00a0\u00bb\u00a0\u00bb parallax_speed=\u00a0\u00bb\u00a0\u00bb background_color=\u00a0\u00bb\u00a0\u00bb logo_in_content_menu=\u00a0\u00bb\u00a0\u00bb custom_widget_area=\u00a0\u00bb\u00a0\u00bb content_menu_border_bottom=\u00a0\u00bb\u00a0\u00bb content_menu_border_color=\u00a0\u00bb\u00a0\u00bb content_menu_border_style=\u00a0\u00bbsolid\u00a0\u00bb border_top_color=\u00a0\u00bb\u00a0\u00bb border_color=\u00a0\u00bb\u00a0\u00bb side_padding=\u00a0\u00bb\u00a0\u00bb padding_top=\u00a0\u00bb\u00a0\u00bb padding_bottom=\u00a0\u00bb\u00a0\u00bb color=\u00a0\u00bb\u00a0\u00bb hover_color=\u00a0\u00bb\u00a0\u00bb more_button_label=\u00a0\u00bb\u00a0\u00bb less_button_label=\u00a0\u00bb\u00a0\u00bb button_position=\u00a0\u00bb\u00a0\u00bb css_animation=\u00a0\u00bb\u00a0\u00bb transition_delay=\u00a0\u00bb\u00a0\u00bb box_shadow_on_row=\u00a0\u00bbno\u00a0\u00bb box_shadow_color=\u00a0\u00bb\u00a0\u00bb horizontal_offset=\u00a0\u00bb\u00a0\u00bb vertical_offset=\u00a0\u00bb\u00a0\u00bb box_shadow_blur=\u00a0\u00bb\u00a0\u00bb box_shadow_spread=\u00a0\u00bb\u00a0\u00bb][vc_column width=\u00a0\u00bb1\/1&Prime;][vc_column_text]<\/p>\n<h2>Zone EURO<\/h2>\n<p><strong>Tarifs d&rsquo;abonnement pour 4 num\u00e9ros cons\u00e9cutifs (frais d&rsquo;exp\u00e9dition inclus)<\/strong><\/p>\n<ul>\n<li>Institution 59,80 \u20ac<\/li>\n<li>R\u00e9gulier (individu) 51,00 \u20ac<\/li>\n<li>\u00c9tudiant, temps complet 47,80 \u20ac (justificatif requis)<\/li>\n<\/ul>\n<p>Num\u00e9ro double disponible au co\u00fbt de 35,00 \u20ac<br \/>\nR\u00e8glement par ch\u00e8que \u00e0 l&rsquo;ordre de la revue Carri\u00e9rologie (Yves Chagnon)<\/p>\n<p><strong>Adressez le tout \u00e0 :<\/strong><\/p>\n<p>Revue Carri\u00e9rologie (Yves Chagnon)<br \/>\nUQ\u00c0M, D\u00e9partement de l&rsquo;\u00c9ducation<br \/>\nC.P. 8888, Succursale Centre-ville,<br \/>\nMontr\u00e9al (Qu\u00e9bec) Canada H3C 3P8<\/p>\n<p>Courriel : <a href=\"mailto:chagnon.yves@uqam.ca\">chagnon.yves@uqam.ca<\/a><br \/>\nT\u00e9l\u00e9phone : (514) 987-3000,poste 3816#<br \/>\nT\u00e9l\u00e9copieur : (514) 987-4608<\/p>\n<p>[\/vc_column_text][\/vc_column][\/vc_row]<\/p>\n","protected":false},"excerpt":{"rendered":"<p>[vc_row row_type=\u00a0\u00bbrow\u00a0\u00bb use_row_as_full_screen_section=\u00a0\u00bbno\u00a0\u00bb type=\u00a0\u00bbfull_width\u00a0\u00bb header_style=\u00a0\u00bb\u00a0\u00bb anchor=\u00a0\u00bb\u00a0\u00bb in_content_menu=\u00a0\u00bb\u00a0\u00bb content_menu_title=\u00a0\u00bb\u00a0\u00bb icon_pack=\u00a0\u00bbfont_awesome\u00a0\u00bb content_menu_fa_icon=\u00a0\u00bb\u00a0\u00bb content_menu_fe_icon=\u00a0\u00bb\u00a0\u00bb content_menu_ion_icon=\u00a0\u00bb\u00a0\u00bb content_menu_linea_icon=\u00a0\u00bb\u00a0\u00bb content_menu_simple_line_icons=\u00a0\u00bb\u00a0\u00bb text_align=\u00a0\u00bbleft\u00a0\u00bb video=\u00a0\u00bb\u00a0\u00bb video_overlay=\u00a0\u00bb\u00a0\u00bb video_overlay_image=\u00a0\u00bb\u00a0\u00bb video_webm=\u00a0\u00bb\u00a0\u00bb video_mp4=\u00a0\u00bb\u00a0\u00bb video_ogv=\u00a0\u00bb\u00a0\u00bb video_image=\u00a0\u00bb\u00a0\u00bb background_image=\u00a0\u00bb\u00a0\u00bb pattern_background=\u00a0\u00bb\u00a0\u00bb full_screen_section_height=\u00a0\u00bbno\u00a0\u00bb vertically_align_content_in_middle=\u00a0\u00bbno\u00a0\u00bb section_height=\u00a0\u00bb\u00a0\u00bb use_as_box=\u00a0\u00bb\u00a0\u00bb parallax_speed=\u00a0\u00bb\u00a0\u00bb background_color=\u00a0\u00bb\u00a0\u00bb&#8230;<\/p>\n","protected":false},"author":1,"featured_media":0,"parent":0,"menu_order":0,"comment_status":"open","ping_status":"open","template":"","meta":{"footnotes":""},"class_list":["post-5832","page","type-page","status-publish","hentry"],"_links":{"self":[{"href":"https:\/\/www.carrierologie.uqam.ca\/index.php\/wp-json\/wp\/v2\/pages\/5832","targetHints":{"allow":["GET"]}}],"collection":[{"href":"https:\/\/www.carrierologie.uqam.ca\/index.php\/wp-json\/wp\/v2\/pages"}],"about":[{"href":"https:\/\/www.carrierologie.uqam.ca\/index.php\/wp-json\/wp\/v2\/types\/page"}],"author":[{"embeddable":true,"href":"https:\/\/www.carrierologie.uqam.ca\/index.php\/wp-json\/wp\/v2\/users\/1"}],"replies":[{"embeddable":true,"href":"https:\/\/www.carrierologie.uqam.ca\/index.php\/wp-json\/wp\/v2\/comments?post=5832"}],"version-history":[{"count":3,"href":"https:\/\/www.carrierologie.uqam.ca\/index.php\/wp-json\/wp\/v2\/pages\/5832\/revisions"}],"predecessor-version":[{"id":5838,"href":"https:\/\/www.carrierologie.uqam.ca\/index.php\/wp-json\/wp\/v2\/pages\/5832\/revisions\/5838"}],"wp:attachment":[{"href":"https:\/\/www.carrierologie.uqam.ca\/index.php\/wp-json\/wp\/v2\/media?parent=5832"}],"curies":[{"name":"wp","href":"https:\/\/api.w.org\/{rel}","templated":true}]}}