{"id":5806,"date":"2015-08-12T21:39:23","date_gmt":"2015-08-12T20:39:23","guid":{"rendered":"https:\/\/www.carrierologie.uqam.ca\/?page_id=5806"},"modified":"2015-08-13T02:45:26","modified_gmt":"2015-08-13T01:45:26","slug":"abonnement","status":"publish","type":"page","link":"https:\/\/www.carrierologie.uqam.ca\/index.php\/abonnement\/","title":{"rendered":"Abonnement"},"content":{"rendered":"<p>[vc_row][vc_column width=\u00a0\u00bb5\/6&Prime;][vc_column_text]<strong>Cette section vous offre la possibilit\u00e9 de vous abonner \u00e0 la version imprim\u00e9e de la revue Carri\u00e9rologie.\u00a0Pour ce faire, simplement choisir la r\u00e9gion qui correspond \u00e0 votre origine et compl\u00e9ter le formulaire.<\/strong><\/p>\n<p>&nbsp;<\/p>\n<h2>Zone Euro<\/h2>\n<p>En remplissant ce formulaire, vous manifestez le d\u00e9sir de recevoir la\u00a0<strong>revue Carri\u00e9rologie<\/strong>\u00a0en format imprim\u00e9 et vous provenez d&rsquo;un pays membre de la Communaut\u00e9 Europ\u00e9enne (Allemagne, Autriche, Belgique, Finlande, France, Irlande, Italie, Luxembourg, Pays-Bas, Portugal).<\/p>\n<p>&nbsp;<\/p>\n<h2><\/h2>\n<p>[\/vc_column_text]<a href=\"https:\/\/www.carrierologie.uqam.ca\/?p=5832\" target=\"_self\" data-hover-background-color=#000000 data-hover-color=#ffffff  class=\"qbutton  medium white icon_right\" style=\"color: #ffffff; font-style: normal; background-color: #ed0005;\">Formulaire<\/a>[vc_empty_space height=\u00a0\u00bb32px\u00a0\u00bb background_image=\u00a0\u00bb\u00a0\u00bb image_repeat=\u00a0\u00bbno-repeat\u00a0\u00bb][vc_column_text]<\/p>\n<h2>Zone AM\u00c9RIQUES (Canada et pays hors Euro)<\/h2>\n<p>En remplissant ce formulaire, vous manifestez le d\u00e9sir de recevoir la\u00a0<strong>revue Carri\u00e9rologie<\/strong>\u00a0en format imprim\u00e9 et vous provenez d&rsquo;un pays situ\u00e9 dans les Am\u00e9riques ou de tout autre pays hors de la Communaut\u00e9 Europ\u00e9enne.<\/p>\n<p>&nbsp;<\/p>\n<p>[\/vc_column_text]<a href=\"https:\/\/www.carrierologie.uqam.ca\/?p=5836\" target=\"_self\" data-hover-background-color=#000000 data-hover-color=#ffffff  class=\"qbutton  medium white icon_right\" style=\"color: #ffffff; font-style: normal; background-color: #ed0005;\">Formulaire<\/a>[\/vc_column][vc_column width=\u00a0\u00bb1\/6&Prime;][vc_single_image image=\u00a0\u00bb5829&Prime; border_color=\u00a0\u00bbgrey\u00a0\u00bb img_link_large=\u00a0\u00bb\u00a0\u00bb img_link_target=\u00a0\u00bb_self\u00a0\u00bb img_size=\u00a0\u00bbfull\u00a0\u00bb alignment=\u00a0\u00bbright\u00a0\u00bb][\/vc_column][\/vc_row][vc_row row_type=\u00a0\u00bbrow\u00a0\u00bb use_row_as_full_screen_section=\u00a0\u00bbno\u00a0\u00bb type=\u00a0\u00bbfull_width\u00a0\u00bb header_style=\u00a0\u00bb\u00a0\u00bb anchor=\u00a0\u00bb\u00a0\u00bb in_content_menu=\u00a0\u00bb\u00a0\u00bb content_menu_title=\u00a0\u00bb\u00a0\u00bb icon_pack=\u00a0\u00bbfont_awesome\u00a0\u00bb content_menu_fa_icon=\u00a0\u00bb\u00a0\u00bb content_menu_fe_icon=\u00a0\u00bb\u00a0\u00bb content_menu_ion_icon=\u00a0\u00bb\u00a0\u00bb content_menu_linea_icon=\u00a0\u00bb\u00a0\u00bb content_menu_simple_line_icons=\u00a0\u00bb\u00a0\u00bb text_align=\u00a0\u00bbleft\u00a0\u00bb video=\u00a0\u00bb\u00a0\u00bb video_overlay=\u00a0\u00bb\u00a0\u00bb video_overlay_image=\u00a0\u00bb\u00a0\u00bb video_webm=\u00a0\u00bb\u00a0\u00bb video_mp4=\u00a0\u00bb\u00a0\u00bb video_ogv=\u00a0\u00bb\u00a0\u00bb video_image=\u00a0\u00bb\u00a0\u00bb background_image=\u00a0\u00bb\u00a0\u00bb pattern_background=\u00a0\u00bb\u00a0\u00bb full_screen_section_height=\u00a0\u00bbno\u00a0\u00bb vertically_align_content_in_middle=\u00a0\u00bbno\u00a0\u00bb section_height=\u00a0\u00bb\u00a0\u00bb use_as_box=\u00a0\u00bb\u00a0\u00bb parallax_speed=\u00a0\u00bb\u00a0\u00bb background_color=\u00a0\u00bb\u00a0\u00bb logo_in_content_menu=\u00a0\u00bb\u00a0\u00bb custom_widget_area=\u00a0\u00bb\u00a0\u00bb content_menu_border_bottom=\u00a0\u00bb\u00a0\u00bb content_menu_border_color=\u00a0\u00bb\u00a0\u00bb content_menu_border_style=\u00a0\u00bbsolid\u00a0\u00bb border_top_color=\u00a0\u00bb\u00a0\u00bb border_color=\u00a0\u00bb\u00a0\u00bb side_padding=\u00a0\u00bb\u00a0\u00bb padding_top=\u00a0\u00bb\u00a0\u00bb padding_bottom=\u00a0\u00bb\u00a0\u00bb color=\u00a0\u00bb\u00a0\u00bb hover_color=\u00a0\u00bb\u00a0\u00bb more_button_label=\u00a0\u00bb\u00a0\u00bb less_button_label=\u00a0\u00bb\u00a0\u00bb button_position=\u00a0\u00bb\u00a0\u00bb css_animation=\u00a0\u00bb\u00a0\u00bb transition_delay=\u00a0\u00bb\u00a0\u00bb box_shadow_on_row=\u00a0\u00bbno\u00a0\u00bb box_shadow_color=\u00a0\u00bb\u00a0\u00bb horizontal_offset=\u00a0\u00bb\u00a0\u00bb vertical_offset=\u00a0\u00bb\u00a0\u00bb box_shadow_blur=\u00a0\u00bb\u00a0\u00bb box_shadow_spread=\u00a0\u00bb\u00a0\u00bb][vc_column width=\u00a0\u00bb1\/1&Prime;][vc_empty_space height=\u00a0\u00bb100px\u00a0\u00bb image_repeat=\u00a0\u00bbno-repeat\u00a0\u00bb][\/vc_column][\/vc_row]<\/p>\n","protected":false},"excerpt":{"rendered":"<p>[vc_row][vc_column width=\u00a0\u00bb5\/6&Prime;][vc_column_text]Cette section vous offre la possibilit\u00e9 de vous abonner \u00e0 la version imprim\u00e9e de la revue Carri\u00e9rologie.\u00a0Pour ce faire, simplement choisir la r\u00e9gion qui correspond \u00e0 votre origine et&#8230;<\/p>\n","protected":false},"author":1,"featured_media":0,"parent":0,"menu_order":0,"comment_status":"open","ping_status":"open","template":"","meta":{"footnotes":""},"class_list":["post-5806","page","type-page","status-publish","hentry"],"_links":{"self":[{"href":"https:\/\/www.carrierologie.uqam.ca\/index.php\/wp-json\/wp\/v2\/pages\/5806","targetHints":{"allow":["GET"]}}],"collection":[{"href":"https:\/\/www.carrierologie.uqam.ca\/index.php\/wp-json\/wp\/v2\/pages"}],"about":[{"href":"https:\/\/www.carrierologie.uqam.ca\/index.php\/wp-json\/wp\/v2\/types\/page"}],"author":[{"embeddable":true,"href":"https:\/\/www.carrierologie.uqam.ca\/index.php\/wp-json\/wp\/v2\/users\/1"}],"replies":[{"embeddable":true,"href":"https:\/\/www.carrierologie.uqam.ca\/index.php\/wp-json\/wp\/v2\/comments?post=5806"}],"version-history":[{"count":18,"href":"https:\/\/www.carrierologie.uqam.ca\/index.php\/wp-json\/wp\/v2\/pages\/5806\/revisions"}],"predecessor-version":[{"id":5839,"href":"https:\/\/www.carrierologie.uqam.ca\/index.php\/wp-json\/wp\/v2\/pages\/5806\/revisions\/5839"}],"wp:attachment":[{"href":"https:\/\/www.carrierologie.uqam.ca\/index.php\/wp-json\/wp\/v2\/media?parent=5806"}],"curies":[{"name":"wp","href":"https:\/\/api.w.org\/{rel}","templated":true}]}}